{"id":284,"date":"2025-03-10T21:42:32","date_gmt":"2025-03-10T20:42:32","guid":{"rendered":"https:\/\/veterinairepattesatruffe.be\/?page_id=284"},"modified":"2026-03-02T20:09:43","modified_gmt":"2026-03-02T19:09:43","slug":"contact-2","status":"publish","type":"page","link":"https:\/\/veterinairepattesatruffe.be\/?page_id=284","title":{"rendered":"Contact"},"content":{"rendered":"<p>[et_pb_section fb_built=\u00a0\u00bb1&Prime; _builder_version=\u00a0\u00bb4.27.4&Prime; _module_preset=\u00a0\u00bbdefault\u00a0\u00bb background_color=\u00a0\u00bb#D6D6D6&Prime; global_colors_info=\u00a0\u00bb{}\u00a0\u00bb][et_pb_row column_structure=\u00a0\u00bb1_4,1_4,1_4,1_4&Prime; _builder_version=\u00a0\u00bb4.27.4&Prime; _module_preset=\u00a0\u00bbdefault\u00a0\u00bb custom_margin=\u00a0\u00bb-32px|auto||auto||\u00a0\u00bb custom_padding=\u00a0\u00bb||25px|||\u00a0\u00bb global_colors_info=\u00a0\u00bb{}\u00a0\u00bb][et_pb_column type=\u00a0\u00bb1_4&Prime; _builder_version=\u00a0\u00bb4.27.4&Prime; _module_preset=\u00a0\u00bbdefault\u00a0\u00bb link_option_url=\u00a0\u00bbhttps:\/\/www.google.com\/maps\/dir\/\/Rue+de+la+Houssi%C3%A8re+73,+1435+Mont-Saint-Guibert\/@50.6112998,4.6087925,653m\/data=!3m1!1e3!4m9!4m8!1m0!1m5!1m1!1s0x47c17fa256a53987:0xff070eeac924f87c!2m2!1d4.6113674!2d50.6112964!3e0?entry=ttu&#038;g_ep=EgoyMDI1MDMxMS4wIKXMDSoASAFQAw%3D%3D\u00a0\u00bb link_option_url_new_window=\u00a0\u00bbon\u00a0\u00bb global_colors_info=\u00a0\u00bb{}\u00a0\u00bb][et_pb_cta title=\u00a0\u00bbNotre adresse\u00a0\u00bb button_text=\u00a0\u00bbClick Here\u00a0\u00bb _builder_version=\u00a0\u00bb4.27.4&Prime; _module_preset=\u00a0\u00bbdefault\u00a0\u00bb custom_padding=\u00a0\u00bb17px||6px|||\u00a0\u00bb global_colors_info=\u00a0\u00bb{}\u00a0\u00bb]<\/p>\n<h4><strong>Rue de la Houssi\u00e8re 73<\/strong><\/h4>\n<h4><strong>1435 H\u00e9villers<\/strong><\/h4>\n<p>[\/et_pb_cta][\/et_pb_column][et_pb_column type=\u00a0\u00bb1_4&Prime; _builder_version=\u00a0\u00bb4.27.4&Prime; _module_preset=\u00a0\u00bbdefault\u00a0\u00bb global_colors_info=\u00a0\u00bb{}\u00a0\u00bb][et_pb_cta title=\u00a0\u00bbNotre t\u00e9l\u00e9phone \u00a0\u00bb button_url=\u00a0\u00bbhttp:\/\/0475%2092%2041%2091&Prime; url_new_window=\u00a0\u00bbon\u00a0\u00bb _builder_version=\u00a0\u00bb4.27.4&Prime; _module_preset=\u00a0\u00bbdefault\u00a0\u00bb custom_padding=\u00a0\u00bb||31px|||\u00a0\u00bb global_colors_info=\u00a0\u00bb{}\u00a0\u00bb]<\/p>\n<h4><strong>0475 92 41 91<\/strong><\/h4>\n<p>[\/et_pb_cta][\/et_pb_column][et_pb_column type=\u00a0\u00bb1_4&Prime; _builder_version=\u00a0\u00bb4.27.4&Prime; _module_preset=\u00a0\u00bbdefault\u00a0\u00bb global_colors_info=\u00a0\u00bb{}\u00a0\u00bb][et_pb_cta title=\u00a0\u00bbNotre mail\u00a0\u00bb url_new_window=\u00a0\u00bbon\u00a0\u00bb _builder_version=\u00a0\u00bb4.27.4&Prime; _module_preset=\u00a0\u00bbdefault\u00a0\u00bb custom_padding=\u00a0\u00bb|18px|52px|12px||\u00a0\u00bb global_colors_info=\u00a0\u00bb{}\u00a0\u00bb]<\/p>\n<h4><span style=\"font-size: medium;\">vtpatteatruffe@gmail.com<\/span><\/h4>\n<p>[\/et_pb_cta][\/et_pb_column][et_pb_column type=\u00a0\u00bb1_4&Prime; _builder_version=\u00a0\u00bb4.27.4&Prime; _module_preset=\u00a0\u00bbdefault\u00a0\u00bb link_option_url=\u00a0\u00bbhttps:\/\/mypets.eu\/pattesatruffe\u00a0\u00bb link_option_url_new_window=\u00a0\u00bbon\u00a0\u00bb global_colors_info=\u00a0\u00bb{}\u00a0\u00bb][et_pb_cta title=\u00a0\u00bbRendez-vous en ligne\u00a0\u00bb button_url=\u00a0\u00bbhttps:\/\/mypets.eu\/pattesatruffe\u00a0\u00bb url_new_window=\u00a0\u00bbon\u00a0\u00bb button_text=\u00a0\u00bbCliquez ici\u00a0\u00bb _builder_version=\u00a0\u00bb4.27.4&Prime; _module_preset=\u00a0\u00bbdefault\u00a0\u00bb custom_padding=\u00a0\u00bb||6px|||\u00a0\u00bb link_option_url=\u00a0\u00bbhttps:\/\/mypets.eu\/pattesatruffe\u00a0\u00bb link_option_url_new_window=\u00a0\u00bbon\u00a0\u00bb global_colors_info=\u00a0\u00bb{}\u00a0\u00bb][\/et_pb_cta][\/et_pb_column][\/et_pb_row][et_pb_row _builder_version=\u00a0\u00bb4.27.4&Prime; _module_preset=\u00a0\u00bbdefault\u00a0\u00bb custom_margin=\u00a0\u00bb-19px|auto|21px|auto||\u00a0\u00bb global_colors_info=\u00a0\u00bb{}\u00a0\u00bb][et_pb_column type=\u00a0\u00bb4_4&Prime; _builder_version=\u00a0\u00bb4.27.4&Prime; _module_preset=\u00a0\u00bbdefault\u00a0\u00bb global_colors_info=\u00a0\u00bb{}\u00a0\u00bb][et_pb_cta title=\u00a0\u00bbEn cas d&rsquo;urgence&#8230;\u00a0\u00bb button_text=\u00a0\u00bbClick Here\u00a0\u00bb _builder_version=\u00a0\u00bb4.27.4&Prime; _module_preset=\u00a0\u00bbdefault\u00a0\u00bb background_color=\u00a0\u00bb#E06100&Prime; custom_margin=\u00a0\u00bb-26px|||||\u00a0\u00bb custom_padding=\u00a0\u00bb9px||4px|||\u00a0\u00bb border_radii=\u00a0\u00bbon|41px|41px|41px|41px\u00a0\u00bb border_color_all=\u00a0\u00bb#FFFFFF\u00a0\u00bb global_colors_info=\u00a0\u00bb{}\u00a0\u00bb]<\/p>\n<h4>En dehors des heures d&rsquo;ouverture du cabinet, t\u00e9l\u00e9phonez au\u00a0<\/h4>\n<h4>02 221 08 40 &#8211; V\u00e9tos d&rsquo;urgence \u00e0 domicile<\/h4>\n<h4>010 39 66 66 &#8211; Vet &amp; Go \u00e0 Corbais<\/h4>\n<p>[\/et_pb_cta][et_pb_gallery gallery_ids=\u00a0\u00bb217,214,206,210&Prime; _builder_version=\u00a0\u00bb4.27.4&Prime; _module_preset=\u00a0\u00bbdefault\u00a0\u00bb global_colors_info=\u00a0\u00bb{}\u00a0\u00bb][\/et_pb_gallery][\/et_pb_column][\/et_pb_row][\/et_pb_section][et_pb_section fb_built=\u00a0\u00bb1&Prime; _builder_version=\u00a0\u00bb4.27.4&Prime; _module_preset=\u00a0\u00bbdefault\u00a0\u00bb background_image=\u00a0\u00bbhttp:\/\/veterinairepattesatruffe.be\/wp-content\/uploads\/2025\/03\/cat-5987159_1280-1024&#215;682.jpg\u00a0\u00bb parallax=\u00a0\u00bbon\u00a0\u00bb min_height=\u00a0\u00bb433.1px\u00a0\u00bb custom_margin=\u00a0\u00bb-31px||-70px|||\u00a0\u00bb custom_padding=\u00a0\u00bb9px||0px|||\u00a0\u00bb global_colors_info=\u00a0\u00bb{}\u00a0\u00bb][et_pb_row column_structure=\u00a0\u00bb1_3,1_3,1_3&Prime; _builder_version=\u00a0\u00bb4.27.4&Prime; _module_preset=\u00a0\u00bbdefault\u00a0\u00bb custom_margin=\u00a0\u00bb|auto|17px|auto||\u00a0\u00bb global_colors_info=\u00a0\u00bb{}\u00a0\u00bb min_height=\u00a0\u00bb164.6px\u00a0\u00bb][et_pb_column type=\u00a0\u00bb1_3&Prime; _builder_version=\u00a0\u00bb4.16&Prime; _module_preset=\u00a0\u00bbdefault\u00a0\u00bb global_colors_info=\u00a0\u00bb{}\u00a0\u00bb][et_pb_text _builder_version=\u00a0\u00bb4.27.4&Prime; _module_preset=\u00a0\u00bbdefault\u00a0\u00bb text_text_color=\u00a0\u00bb#FFFFFF\u00a0\u00bb text_font_size=\u00a0\u00bb17px\u00a0\u00bb global_colors_info=\u00a0\u00bb{}\u00a0\u00bb custom_padding=\u00a0\u00bb|25px||||\u00a0\u00bb]<\/p>\n<p><strong>Des questions ? <br \/>Des demandes particuli\u00e8res ?\u00a0<\/strong><\/p>\n<p><strong>N&rsquo;h\u00e9sitez pas \u00e0 nous contacter.\u00a0<br \/><\/strong><strong>Nous vous r\u00e9pondrons dans les plus brefs d\u00e9lais !<\/strong><\/p>\n<p>[\/et_pb_text][\/et_pb_column][et_pb_column type=\u00a0\u00bb1_3&Prime; _builder_version=\u00a0\u00bb4.27.4&Prime; _module_preset=\u00a0\u00bbdefault\u00a0\u00bb global_colors_info=\u00a0\u00bb{}\u00a0\u00bb][et_pb_button button_url=\u00a0\u00bb#\u00a0\u00bb button_text=\u00a0\u00bb0475 92 41 91&Prime; _builder_version=\u00a0\u00bb4.27.4&Prime; _module_preset=\u00a0\u00bbdefault\u00a0\u00bb custom_button=\u00a0\u00bbon\u00a0\u00bb button_text_color=\u00a0\u00bb#FFFFFF\u00a0\u00bb button_border_width=\u00a0\u00bb4px\u00a0\u00bb button_border_radius=\u00a0\u00bb100px\u00a0\u00bb button_letter_spacing=\u00a0\u00bb1px\u00a0\u00bb button_font=\u00a0\u00bb|700|||||||\u00a0\u00bb button_use_icon=\u00a0\u00bboff\u00a0\u00bb custom_padding=\u00a0\u00bb|||8px||\u00a0\u00bb global_colors_info=\u00a0\u00bb{}\u00a0\u00bb][\/et_pb_button][\/et_pb_column][et_pb_column type=\u00a0\u00bb1_3&Prime; _builder_version=\u00a0\u00bb4.27.4&Prime; _module_preset=\u00a0\u00bbdefault\u00a0\u00bb global_colors_info=\u00a0\u00bb{}\u00a0\u00bb][et_pb_button button_url=\u00a0\u00bbhttps:\/\/mypets.eu\/pattesatruffe\u00a0\u00bb url_new_window=\u00a0\u00bbon\u00a0\u00bb button_text=\u00a0\u00bbRendez-vous en ligne\u00a0\u00bb _builder_version=\u00a0\u00bb4.27.4&Prime; _module_preset=\u00a0\u00bbdefault\u00a0\u00bb custom_button=\u00a0\u00bbon\u00a0\u00bb button_text_color=\u00a0\u00bb#FFFFFF\u00a0\u00bb button_border_width=\u00a0\u00bb4px\u00a0\u00bb button_border_color=\u00a0\u00bb#FFFFFF\u00a0\u00bb button_border_radius=\u00a0\u00bb100px\u00a0\u00bb button_font=\u00a0\u00bb|700|||||||\u00a0\u00bb background_layout=\u00a0\u00bbdark\u00a0\u00bb custom_margin=\u00a0\u00bb|-224px||||\u00a0\u00bb global_colors_info=\u00a0\u00bb{}\u00a0\u00bb][\/et_pb_button][\/et_pb_column][\/et_pb_row][et_pb_row _builder_version=\u00a0\u00bb4.27.4&Prime; _module_preset=\u00a0\u00bbdefault\u00a0\u00bb custom_margin=\u00a0\u00bb|auto|17px|auto||\u00a0\u00bb global_colors_info=\u00a0\u00bb{}\u00a0\u00bb][et_pb_column type=\u00a0\u00bb4_4&Prime; _builder_version=\u00a0\u00bb4.16&Prime; _module_preset=\u00a0\u00bbdefault\u00a0\u00bb global_colors_info=\u00a0\u00bb{}\u00a0\u00bb][et_pb_text _builder_version=\u00a0\u00bb4.27.4&Prime; _module_preset=\u00a0\u00bbdefault\u00a0\u00bb text_text_color=\u00a0\u00bb#FFFFFF\u00a0\u00bb text_font_size=\u00a0\u00bb17px\u00a0\u00bb global_colors_info=\u00a0\u00bb{}\u00a0\u00bb custom_padding=\u00a0\u00bb|25px||||\u00a0\u00bb]<\/p>\n<p><span style=\"font-size: x-small;\">PATTES A TRUFFE SRL \/ DR CASSART Nathalie F3213 \/ DR NYSTEN Clara F6555\u00a0<br \/><\/span><span style=\"font-size: x-small;\">Unit\u00e9 d\u2019\u00e9tablissement\u00a0: N\u00b0 UE : Rue de la Houssi\u00e8re, 73 1435 Hevillers \/ <\/span><span style=\"font-size: x-small;\">Si\u00e8ge social : N\u00b0 d&rsquo;entreprise : BE0738938173 \/ Adresse :\u00a0 Rue de la Houssi\u00e8re, 73 1435 Hevillers\u00a0<br \/><\/span><span style=\"font-size: x-small;\">Contact\u00a0: Num\u00e9ro de t\u00e9l\u00e9phone : 0475924191 \/ Adresse mail :vtpatteatruffe@gmail.com \/ Site web : <a href=\"https:\/\/veterinairepattesatruffe.be\">https:\/\/veterinairepattesatruffe.be<\/a> \/ Facebook: Pattes a Truffe \/ <\/span><span style=\"font-size: x-small;\">Assurance professionnelle aupr\u00e8s de : Ethias Police 45.507.293<br \/><\/span><span style=\"font-size: x-small;\">Soumis aux Autorit\u00e9s de surveillance suivantes : <\/span><\/p>\n<ul>\n<li><span style=\"font-size: x-small;\">Inscrit \u00e0 l\u2019Ordre des M\u00e9decins V\u00e9t\u00e9rinaires <a href=\"http:\/\/www.ordre-veterinaires.be\/\">www.ordre-veterinaires.be \/\u00a0<\/a>Conseil r\u00e9gional francophone, rue Mazy n\u00b0171B bte 103, 5100 Jambes (Namur), T\u00a0: +32 (0)81 30 87 88, <a href=\"mailto:ordre.veterinaires@gmail.com\">ordre.veterinaires@gmail.com<\/a><\/span><\/li>\n<li><span style=\"font-size: x-small;\">Soumis au Code de d\u00e9ontologie disponible dans la salle d\u2019attente et via <a href=\"http:\/\/www.ordre-veterinaires.be\/\">www.ordre-veterinaires.be<\/a><\/span><\/li>\n<li><span style=\"font-size: x-small;\">Agr\u00e9ment : SPF Sant\u00e9 Publique, S\u00e9curit\u00e9 de la Cha\u00eene alimentaire et Environnement &#8211; Division Animaux, V\u00e9g\u00e9taux et Alimentation \/ avenue Galil\u00e9e n\u00b05\/02, 1210 Bruxelles, T\u00a0: +32 (0)2 524 97 97, <a href=\"mailto:apf.vetserv@health.fgov.be\">apf.vetserv@health.fgov.be<\/a><\/span><\/li>\n<li><span style=\"font-size: x-small;\">Autorisation d\u00e9p\u00f4t m\u00e9dicaments : (AFMPS) Agence F\u00e9d\u00e9rale des M\u00e9dicaments et des Produits de Sant\u00e9, avenue Galil\u00e9e n\u00b05\/03, 1210 Bruxelles, T\u00a0: +32 (0)2 528 40 00, <a href=\"mailto:welcome@afmps.be\">welcome@afmps.be<\/a><\/span><\/li>\n<li><span style=\"font-size: x-small;\">Permis radiographie : (AFCN) Agence F\u00e9d\u00e9rale de Contr\u00f4le Nucl\u00e9aire, rue du Marquis n\u00b01 bte 6A, 1000 Bruxelles, \u00a0T\u00a0: +32 (0)2 289 21 11, <a href=\"mailto:pointcontact@fanc.fgov.be\">pointcontact@fanc.fgov.be<\/a><\/span><\/li>\n<\/ul>\n<p><span style=\"font-size: x-small;\">\u00a0Liste de prix des services \u00ab\u00a0homog\u00e8nes\u00a0\u00bb\u00a0: disponible dans la salle d\u2019attente. Pour les autres traitements, le consommateur recevra un calcul \/ une indication du prix total avant tout engagement de sa part.<\/span><\/p>\n<p>[\/et_pb_text][\/et_pb_column][\/et_pb_row][\/et_pb_section]<\/p>\n","protected":false},"excerpt":{"rendered":"<p>Rue de la Houssi\u00e8re 73 1435 H\u00e9villers0475 92 41 91vtpatteatruffe@gmail.comEn dehors des heures d&rsquo;ouverture du cabinet, t\u00e9l\u00e9phonez au\u00a0 02 221 08 40 &#8211; V\u00e9tos d&rsquo;urgence \u00e0 domicile 010 39 66 66 &#8211; Vet &amp; Go \u00e0 CorbaisDes questions ? Des demandes particuli\u00e8res ?\u00a0 N&rsquo;h\u00e9sitez pas \u00e0 nous contacter.\u00a0Nous vous r\u00e9pondrons dans les plus brefs d\u00e9lais [&hellip;]<\/p>\n","protected":false},"author":1,"featured_media":0,"parent":0,"menu_order":0,"comment_status":"closed","ping_status":"closed","template":"","meta":{"_et_pb_use_builder":"on","_et_pb_old_content":"","_et_gb_content_width":"","footnotes":""},"class_list":["post-284","page","type-page","status-publish","hentry"],"_links":{"self":[{"href":"https:\/\/veterinairepattesatruffe.be\/index.php?rest_route=\/wp\/v2\/pages\/284","targetHints":{"allow":["GET"]}}],"collection":[{"href":"https:\/\/veterinairepattesatruffe.be\/index.php?rest_route=\/wp\/v2\/pages"}],"about":[{"href":"https:\/\/veterinairepattesatruffe.be\/index.php?rest_route=\/wp\/v2\/types\/page"}],"author":[{"embeddable":true,"href":"https:\/\/veterinairepattesatruffe.be\/index.php?rest_route=\/wp\/v2\/users\/1"}],"replies":[{"embeddable":true,"href":"https:\/\/veterinairepattesatruffe.be\/index.php?rest_route=%2Fwp%2Fv2%2Fcomments&post=284"}],"version-history":[{"count":15,"href":"https:\/\/veterinairepattesatruffe.be\/index.php?rest_route=\/wp\/v2\/pages\/284\/revisions"}],"predecessor-version":[{"id":431,"href":"https:\/\/veterinairepattesatruffe.be\/index.php?rest_route=\/wp\/v2\/pages\/284\/revisions\/431"}],"wp:attachment":[{"href":"https:\/\/veterinairepattesatruffe.be\/index.php?rest_route=%2Fwp%2Fv2%2Fmedia&parent=284"}],"curies":[{"name":"wp","href":"https:\/\/api.w.org\/{rel}","templated":true}]}}