{"id":68,"date":"2021-12-24T13:21:36","date_gmt":"2021-12-24T12:21:36","guid":{"rendered":"http:\/\/veterinairepattesatruffe.be\/?page_id=68"},"modified":"2026-03-03T21:28:29","modified_gmt":"2026-03-03T20:28:29","slug":"presentation","status":"publish","type":"page","link":"https:\/\/veterinairepattesatruffe.be\/?page_id=68","title":{"rendered":"L&rsquo;\u00e9quipe"},"content":{"rendered":"<p>[et_pb_section fb_built=\u00a0\u00bb1&Prime; _builder_version=\u00a0\u00bb4.27.4&Prime; _module_preset=\u00a0\u00bbdefault\u00a0\u00bb background_color=\u00a0\u00bb#D6D6D6&Prime; custom_padding=\u00a0\u00bb40px||19px|||\u00a0\u00bb global_colors_info=\u00a0\u00bb{}\u00a0\u00bb][et_pb_row column_structure=\u00a0\u00bb1_2,1_2&Prime; _builder_version=\u00a0\u00bb4.27.4&Prime; _module_preset=\u00a0\u00bbdefault\u00a0\u00bb min_height=\u00a0\u00bb231.3px\u00a0\u00bb custom_padding=\u00a0\u00bb25px|||||\u00a0\u00bb global_colors_info=\u00a0\u00bb{}\u00a0\u00bb][et_pb_column type=\u00a0\u00bb1_2&Prime; _builder_version=\u00a0\u00bb4.27.4&Prime; _module_preset=\u00a0\u00bbdefault\u00a0\u00bb global_colors_info=\u00a0\u00bb{}\u00a0\u00bb][et_pb_image src=\u00a0\u00bbhttp:\/\/veterinairepattesatruffe.be\/wp-content\/uploads\/2026\/03\/totem-pattes-a-truffe.jpg\u00a0\u00bb alt=\u00a0\u00bbTotem Pattes \u00e0 truffe\u00a0\u00bb title_text=\u00a0\u00bbtotem pattes a truffe\u00a0\u00bb _builder_version=\u00a0\u00bb4.27.4&Prime; _module_preset=\u00a0\u00bbdefault\u00a0\u00bb global_colors_info=\u00a0\u00bb{}\u00a0\u00bb][\/et_pb_image][\/et_pb_column][et_pb_column type=\u00a0\u00bb1_2&Prime; _builder_version=\u00a0\u00bb4.27.4&Prime; _module_preset=\u00a0\u00bbdefault\u00a0\u00bb global_colors_info=\u00a0\u00bb{}\u00a0\u00bb][et_pb_text _builder_version=\u00a0\u00bb4.27.4&Prime; _module_preset=\u00a0\u00bbdefault\u00a0\u00bb global_colors_info=\u00a0\u00bb{}\u00a0\u00bb]<\/p>\n<h4><strong>Le cabinet v\u00e9t\u00e9rinaire dispose<\/strong><\/h4>\n<ul>\n<li>\n<h4>d&rsquo;un parking ais\u00e9<\/h4>\n<\/li>\n<li>\n<h4>de deux salles de consultations<\/h4>\n<\/li>\n<li>\n<h4>d&rsquo;une salle de chirurgie<\/h4>\n<\/li>\n<li>\n<h4>d&rsquo;une salle d&rsquo;hospitalisation<\/h4>\n<\/li>\n<li>\n<h4>d&rsquo;une salle de radiographie num\u00e9rique<\/h4>\n<\/li>\n<li>\n<h4>d&rsquo;une salle d&rsquo;attente et d&rsquo;un espace nutrition<\/h4>\n<\/li>\n<\/ul>\n<p>[\/et_pb_text][\/et_pb_column][\/et_pb_row][et_pb_row column_structure=\u00a0\u00bb3_5,2_5&Prime; _builder_version=\u00a0\u00bb4.27.4&Prime; _module_preset=\u00a0\u00bbdefault\u00a0\u00bb border_radii=\u00a0\u00bbon|20px|20px|20px|20px\u00a0\u00bb global_colors_info=\u00a0\u00bb{}\u00a0\u00bb][et_pb_column type=\u00a0\u00bb3_5&Prime; _builder_version=\u00a0\u00bb4.27.4&Prime; _module_preset=\u00a0\u00bbdefault\u00a0\u00bb global_colors_info=\u00a0\u00bb{}\u00a0\u00bb][et_pb_text _builder_version=\u00a0\u00bb4.27.4&Prime; _module_preset=\u00a0\u00bbdefault\u00a0\u00bb global_colors_info=\u00a0\u00bb{}\u00a0\u00bb]<\/p>\n<h4><strong>Dr. Nathalie CASSART<\/strong><\/h4>\n<h4>Dipl\u00f4m\u00e9e m\u00e9decin v\u00e9t\u00e9rinaire en juin 1994, elle a exerc\u00e9 pendant 6 ans au sein d&rsquo;un cabinet \u00e0 Comines.<\/h4>\n<h4>Forte de son exp\u00e9rience, elle a install\u00e9 son propre cabinet dans le centre de Mont-Saint-Guibert en 2000.<\/h4>\n<h4>Apr\u00e8s 23 ann\u00e9es de pratique, une nouvelle aventure a d\u00e9but\u00e9 en juillet 2018 dans ses nouvelles installations situ\u00e9es \u00e0 H\u00e9villers.<\/h4>\n<p>[\/et_pb_text][\/et_pb_column][et_pb_column type=\u00a0\u00bb2_5&Prime; _builder_version=\u00a0\u00bb4.27.4&Prime; _module_preset=\u00a0\u00bbdefault\u00a0\u00bb global_colors_info=\u00a0\u00bb{}\u00a0\u00bb][et_pb_team_member image_url=\u00a0\u00bbhttp:\/\/veterinairepattesatruffe.be\/wp-content\/uploads\/2025\/03\/IMG_9222-200&#215;300.jpg\u00a0\u00bb _builder_version=\u00a0\u00bb4.27.4&Prime; _module_preset=\u00a0\u00bbdefault\u00a0\u00bb width=\u00a0\u00bb99.3%\u00a0\u00bb min_height=\u00a0\u00bb319.4px\u00a0\u00bb custom_margin=\u00a0\u00bb-12px|57px|-1px|||\u00a0\u00bb custom_padding=\u00a0\u00bb|46px|0px|||\u00a0\u00bb hover_enabled=\u00a0\u00bb0&Prime; border_radii_image=\u00a0\u00bbon|25px|25px|25px|25px\u00a0\u00bb global_colors_info=\u00a0\u00bb{}\u00a0\u00bb alt=\u00a0\u00bbDr. Cassart Nathalie\u00a0\u00bb title_text=\u00a0\u00bbDr. Cassart Nathalie\u00a0\u00bb sticky_enabled=\u00a0\u00bb0&Prime;][\/et_pb_team_member][\/et_pb_column][\/et_pb_row][et_pb_row column_structure=\u00a0\u00bb3_5,2_5&Prime; _builder_version=\u00a0\u00bb4.27.4&Prime; _module_preset=\u00a0\u00bbdefault\u00a0\u00bb border_radii=\u00a0\u00bbon|20px|20px|20px|20px\u00a0\u00bb global_colors_info=\u00a0\u00bb{}\u00a0\u00bb][et_pb_column type=\u00a0\u00bb3_5&Prime; _builder_version=\u00a0\u00bb4.27.4&Prime; _module_preset=\u00a0\u00bbdefault\u00a0\u00bb global_colors_info=\u00a0\u00bb{}\u00a0\u00bb][et_pb_text _builder_version=\u00a0\u00bb4.27.4&Prime; _module_preset=\u00a0\u00bbdefault\u00a0\u00bb global_colors_info=\u00a0\u00bb{}\u00a0\u00bb]<\/p>\n<h4><strong>Dr. Clara NYSTEN<\/strong><\/h4>\n<h4>Dipl\u00f4m\u00e9e m\u00e9decin v\u00e9t\u00e9rinaire en juin 2022, elle a travaill\u00e9 en cliniques v\u00e9t\u00e9rinaires pendant 2 ans.<\/h4>\n<h4>Elle a rejoint le cabinet en novembre 2023.<\/h4>\n<h4>Elle pratique la m\u00e9decine g\u00e9n\u00e9rale, la chirurgie et l&rsquo;imagerie.<\/h4>\n<h4>Elle aime particuli\u00e8rement la m\u00e9decine inter<span style=\"font-size: 18px;\">ne et la dentisterie.<\/span><\/h4>\n<p>[\/et_pb_text][\/et_pb_column][et_pb_column type=\u00a0\u00bb2_5&Prime; _builder_version=\u00a0\u00bb4.27.4&Prime; _module_preset=\u00a0\u00bbdefault\u00a0\u00bb global_colors_info=\u00a0\u00bb{}\u00a0\u00bb][et_pb_team_member image_url=\u00a0\u00bbhttp:\/\/veterinairepattesatruffe.be\/wp-content\/uploads\/2025\/03\/IMG_9245-scaled-e1741203765328-247&#215;300.jpg\u00a0\u00bb _builder_version=\u00a0\u00bb4.27.4&Prime; _module_preset=\u00a0\u00bbdefault\u00a0\u00bb width=\u00a0\u00bb91%\u00a0\u00bb custom_padding=\u00a0\u00bb||0px|||\u00a0\u00bb hover_enabled=\u00a0\u00bb0&Prime; border_radii_image=\u00a0\u00bbon|25px|25px|25px|25px\u00a0\u00bb global_colors_info=\u00a0\u00bb{}\u00a0\u00bb alt=\u00a0\u00bbDr. Nysten Clara\u00a0\u00bb title_text=\u00a0\u00bbDr. Nysten Clara\u00a0\u00bb sticky_enabled=\u00a0\u00bb0&Prime; border_radii=\u00a0\u00bbon|25px|25px|25px|25px\u00a0\u00bb][\/et_pb_team_member][\/et_pb_column][\/et_pb_row][et_pb_row column_structure=\u00a0\u00bb3_5,2_5&Prime; _builder_version=\u00a0\u00bb4.27.4&Prime; _module_preset=\u00a0\u00bbdefault\u00a0\u00bb border_radii=\u00a0\u00bbon|20px|20px|20px|20px\u00a0\u00bb global_colors_info=\u00a0\u00bb{}\u00a0\u00bb][et_pb_column type=\u00a0\u00bb3_5&Prime; _builder_version=\u00a0\u00bb4.27.4&Prime; _module_preset=\u00a0\u00bbdefault\u00a0\u00bb global_colors_info=\u00a0\u00bb{}\u00a0\u00bb][et_pb_text _builder_version=\u00a0\u00bb4.27.4&Prime; _module_preset=\u00a0\u00bbdefault\u00a0\u00bb custom_padding=\u00a0\u00bb||47px|||\u00a0\u00bb global_colors_info=\u00a0\u00bb{}\u00a0\u00bb]<\/p>\n<h4><strong>Dr. Fran\u00e7oise TARPATAKI<\/strong><\/h4>\n<p><span style=\"font-size: large; color: #000000;\">Dipl\u00f4m\u00e9e m\u00e9decin v\u00e9t\u00e9rinaire depuis plus de 20 ans, elle s&rsquo;est sp\u00e9cialis\u00e9e dans l&rsquo;<strong>ost\u00e9opathie<\/strong> &#8211; pour soulager naturellement les douleurs et tensions &#8211; mais aussi l<strong>&lsquo;acupuncture<\/strong> &#8211; technique mill\u00e9naire favorisant le bien-\u00eatre global.<\/span><\/p>\n<p>[\/et_pb_text][\/et_pb_column][et_pb_column type=\u00a0\u00bb2_5&Prime; _builder_version=\u00a0\u00bb4.27.4&Prime; _module_preset=\u00a0\u00bbdefault\u00a0\u00bb global_colors_info=\u00a0\u00bb{}\u00a0\u00bb][et_pb_team_member image_url=\u00a0\u00bbhttp:\/\/veterinairepattesatruffe.be\/wp-content\/uploads\/2026\/03\/Francoise-Tarpataki-osteo-e1772484665283.jpg\u00a0\u00bb image_url_tablet=\u00a0\u00bbhttp:\/\/veterinairepattesatruffe.be\/wp-content\/uploads\/2026\/03\/Francoise-Tarpataki-osteo.jpg\u00a0\u00bb image_url_phone=\u00a0\u00bbhttp:\/\/veterinairepattesatruffe.be\/wp-content\/uploads\/2026\/03\/Francoise-Tarpataki-osteo.jpg\u00a0\u00bb image_url_last_edited=\u00a0\u00bbon|desktop\u00a0\u00bb _builder_version=\u00a0\u00bb4.27.4&Prime; _module_preset=\u00a0\u00bbdefault\u00a0\u00bb width=\u00a0\u00bb91%\u00a0\u00bb custom_padding=\u00a0\u00bb||0px|||\u00a0\u00bb border_radii_image=\u00a0\u00bbon|25px|25px|25px|25px\u00a0\u00bb global_colors_info=\u00a0\u00bb{}\u00a0\u00bb][\/et_pb_team_member][\/et_pb_column][\/et_pb_row][et_pb_row column_structure=\u00a0\u00bb3_5,2_5&Prime; _builder_version=\u00a0\u00bb4.27.4&Prime; _module_preset=\u00a0\u00bbdefault\u00a0\u00bb border_radii=\u00a0\u00bbon|20px|20px|20px|20px\u00a0\u00bb global_colors_info=\u00a0\u00bb{}\u00a0\u00bb][et_pb_column type=\u00a0\u00bb3_5&Prime; _builder_version=\u00a0\u00bb4.27.4&Prime; _module_preset=\u00a0\u00bbdefault\u00a0\u00bb global_colors_info=\u00a0\u00bb{}\u00a0\u00bb][et_pb_text _builder_version=\u00a0\u00bb4.27.4&Prime; _module_preset=\u00a0\u00bbdefault\u00a0\u00bb custom_padding=\u00a0\u00bb||47px|||\u00a0\u00bb global_colors_info=\u00a0\u00bb{}\u00a0\u00bb]<\/p>\n<h4><strong>Dr. C\u00e9line CASSART<\/strong><\/h4>\n<p><span style=\"font-size: large; color: #000000;\">Dipl\u00f4m\u00e9e m\u00e9decin v\u00e9t\u00e9rinaire, sp\u00e9cialis\u00e9e en <strong>m\u00e9decine interne<\/strong> et en <strong>\u00e9chographie abdominale<\/strong>.<\/span><\/p>\n<p>[\/et_pb_text][\/et_pb_column][et_pb_column type=\u00a0\u00bb2_5&Prime; _builder_version=\u00a0\u00bb4.27.4&Prime; _module_preset=\u00a0\u00bbdefault\u00a0\u00bb global_colors_info=\u00a0\u00bb{}\u00a0\u00bb][et_pb_image src=\u00a0\u00bbhttp:\/\/veterinairepattesatruffe.be\/wp-content\/uploads\/2026\/03\/Celine-CASSART-e1772484615273-291&#215;300.jpg\u00a0\u00bb _builder_version=\u00a0\u00bb4.27.4&Prime; _module_preset=\u00a0\u00bbdefault\u00a0\u00bb alt=\u00a0\u00bbC\u00e9line CASSART\u00a0\u00bb title_text=\u00a0\u00bbC\u00e9line CASSART\u00a0\u00bb hover_enabled=\u00a0\u00bb0&Prime; sticky_enabled=\u00a0\u00bb0&Prime; border_radii=\u00a0\u00bbon|25px|25px|25px|25px\u00a0\u00bb][\/et_pb_image][\/et_pb_column][\/et_pb_row][et_pb_row column_structure=\u00a0\u00bb3_5,2_5&Prime; _builder_version=\u00a0\u00bb4.27.4&Prime; _module_preset=\u00a0\u00bbdefault\u00a0\u00bb border_radii=\u00a0\u00bbon|20px|20px|20px|20px\u00a0\u00bb global_colors_info=\u00a0\u00bb{}\u00a0\u00bb][et_pb_column type=\u00a0\u00bb3_5&Prime; _builder_version=\u00a0\u00bb4.27.4&Prime; _module_preset=\u00a0\u00bbdefault\u00a0\u00bb global_colors_info=\u00a0\u00bb{}\u00a0\u00bb][et_pb_text _builder_version=\u00a0\u00bb4.27.4&Prime; _module_preset=\u00a0\u00bbdefault\u00a0\u00bb custom_padding=\u00a0\u00bb||47px|||\u00a0\u00bb global_colors_info=\u00a0\u00bb{}\u00a0\u00bb]<\/p>\n<h4><strong>Dr. Alain MANS<\/strong><\/h4>\n<p><span style=\"font-size: large; color: #000000;\">Dipl\u00f4m\u00e9 m\u00e9decin v\u00e9t\u00e9rinaire en 1998, sp\u00e9cialis\u00e9 en <strong>\u00e9chographie g\u00e9n\u00e9rale <\/strong>et<strong> cardiographique<\/strong>. Il est \u00e9galement sp\u00e9cialis\u00e9 en <strong>orthop\u00e9die<\/strong> et <strong>traumatologie<\/strong>. Il est <strong>chirurgien <\/strong>g\u00e9n\u00e9raliste mais \u00e9galement sp\u00e9cialis\u00e9 en uro-g\u00e9nital, digestif, face, bouche, oreille, thorax, etc.\u00a0<\/span><\/p>\n<p><span style=\"font-size: large; color: #000000;\"><\/span><\/p>\n<p>[\/et_pb_text][\/et_pb_column][et_pb_column type=\u00a0\u00bb2_5&Prime; _builder_version=\u00a0\u00bb4.27.4&Prime; _module_preset=\u00a0\u00bbdefault\u00a0\u00bb global_colors_info=\u00a0\u00bb{}\u00a0\u00bb][et_pb_image src=\u00a0\u00bbhttp:\/\/veterinairepattesatruffe.be\/wp-content\/uploads\/2026\/03\/Alain-MANS-200&#215;300.jpg\u00a0\u00bb _builder_version=\u00a0\u00bb4.27.4&Prime; _module_preset=\u00a0\u00bbdefault\u00a0\u00bb alt=\u00a0\u00bbAlain MANS\u00a0\u00bb title_text=\u00a0\u00bbAlain MANS\u00a0\u00bb hover_enabled=\u00a0\u00bb0&Prime; sticky_enabled=\u00a0\u00bb0&Prime; border_radii=\u00a0\u00bbon|25px|25px|25px|25px\u00a0\u00bb][\/et_pb_image][\/et_pb_column][\/et_pb_row][\/et_pb_section][et_pb_section fb_built=\u00a0\u00bb1&Prime; _builder_version=\u00a0\u00bb4.27.4&Prime; _module_preset=\u00a0\u00bbdefault\u00a0\u00bb background_image=\u00a0\u00bbhttp:\/\/veterinairepattesatruffe.be\/wp-content\/uploads\/2025\/03\/puppy-628618_1280-1024&#215;575.jpg\u00a0\u00bb parallax=\u00a0\u00bbon\u00a0\u00bb min_height=\u00a0\u00bb351.6px\u00a0\u00bb custom_margin=\u00a0\u00bb-31px||-70px|||\u00a0\u00bb custom_padding=\u00a0\u00bb9px||0px|||\u00a0\u00bb global_colors_info=\u00a0\u00bb{}\u00a0\u00bb][et_pb_row _builder_version=\u00a0\u00bb4.27.4&Prime; _module_preset=\u00a0\u00bbdefault\u00a0\u00bb min_height=\u00a0\u00bb61.3px\u00a0\u00bb custom_margin=\u00a0\u00bb1px|auto||auto||\u00a0\u00bb custom_padding=\u00a0\u00bb||5px|||\u00a0\u00bb global_colors_info=\u00a0\u00bb{}\u00a0\u00bb][et_pb_column type=\u00a0\u00bb4_4&Prime; _builder_version=\u00a0\u00bb4.16&Prime; _module_preset=\u00a0\u00bbdefault\u00a0\u00bb global_colors_info=\u00a0\u00bb{}\u00a0\u00bb][et_pb_text _builder_version=\u00a0\u00bb4.16&Prime; _module_preset=\u00a0\u00bbdefault\u00a0\u00bb global_colors_info=\u00a0\u00bb{}\u00a0\u00bb]<\/p>\n<h1><em><strong><span style=\"color: #ffffff;\">Contactez \u00ab\u00a0Pattes \u00e0 Truffe\u00a0\u00bb<\/span><\/strong><\/em><\/h1>\n<p>[\/et_pb_text][\/et_pb_column][\/et_pb_row][et_pb_row column_structure=\u00a0\u00bb1_2,1_2&Prime; _builder_version=\u00a0\u00bb4.27.4&Prime; _module_preset=\u00a0\u00bbdefault\u00a0\u00bb global_colors_info=\u00a0\u00bb{}\u00a0\u00bb][et_pb_column type=\u00a0\u00bb1_2&Prime; _builder_version=\u00a0\u00bb4.16&Prime; _module_preset=\u00a0\u00bbdefault\u00a0\u00bb global_colors_info=\u00a0\u00bb{}\u00a0\u00bb][et_pb_text _builder_version=\u00a0\u00bb4.27.4&Prime; _module_preset=\u00a0\u00bbdefault\u00a0\u00bb text_text_color=\u00a0\u00bb#FFFFFF\u00a0\u00bb text_font_size=\u00a0\u00bb17px\u00a0\u00bb global_colors_info=\u00a0\u00bb{}\u00a0\u00bb]<\/p>\n<p><strong>Des questions ? Des demandes particuli\u00e8res ?\u00a0<\/strong><\/p>\n<p><strong>N&rsquo;h\u00e9sitez pas \u00e0 nous contacter.<\/strong><\/p>\n<p><strong>Nous vous r\u00e9pondrons dans les plus brefs d\u00e9lais !<\/strong><\/p>\n<p>[\/et_pb_text][\/et_pb_column][et_pb_column type=\u00a0\u00bb1_2&Prime; _builder_version=\u00a0\u00bb4.27.4&Prime; _module_preset=\u00a0\u00bbdefault\u00a0\u00bb global_colors_info=\u00a0\u00bb{}\u00a0\u00bb][et_pb_button button_url=\u00a0\u00bb#\u00a0\u00bb button_text=\u00a0\u00bb0475 92 41 91&Prime; _builder_version=\u00a0\u00bb4.27.4&Prime; _module_preset=\u00a0\u00bbdefault\u00a0\u00bb custom_button=\u00a0\u00bbon\u00a0\u00bb button_text_color=\u00a0\u00bb#FFFFFF\u00a0\u00bb button_border_width=\u00a0\u00bb4px\u00a0\u00bb button_border_radius=\u00a0\u00bb100px\u00a0\u00bb button_letter_spacing=\u00a0\u00bb1px\u00a0\u00bb button_font=\u00a0\u00bb|700|||||||\u00a0\u00bb button_use_icon=\u00a0\u00bboff\u00a0\u00bb custom_padding=\u00a0\u00bb|||8px||\u00a0\u00bb global_colors_info=\u00a0\u00bb{}\u00a0\u00bb][\/et_pb_button][et_pb_button button_url=\u00a0\u00bbhttps:\/\/mypets.eu\/pattesatruffe\u00a0\u00bb url_new_window=\u00a0\u00bbon\u00a0\u00bb button_text=\u00a0\u00bbRendez-vous en ligne\u00a0\u00bb _builder_version=\u00a0\u00bb4.27.4&Prime; _module_preset=\u00a0\u00bbdefault\u00a0\u00bb custom_button=\u00a0\u00bbon\u00a0\u00bb button_text_color=\u00a0\u00bb#FFFFFF\u00a0\u00bb button_border_width=\u00a0\u00bb4px\u00a0\u00bb button_border_color=\u00a0\u00bb#FFFFFF\u00a0\u00bb button_border_radius=\u00a0\u00bb100px\u00a0\u00bb button_font=\u00a0\u00bb|700|||||||\u00a0\u00bb background_layout=\u00a0\u00bbdark\u00a0\u00bb custom_margin=\u00a0\u00bb|-224px||||\u00a0\u00bb global_colors_info=\u00a0\u00bb{}\u00a0\u00bb][\/et_pb_button][\/et_pb_column][\/et_pb_row][\/et_pb_section]<\/p>\n","protected":false},"excerpt":{"rendered":"<p>Le cabinet v\u00e9t\u00e9rinaire dispose d&rsquo;un parking ais\u00e9 de deux salles de consultations d&rsquo;une salle de chirurgie d&rsquo;une salle d&rsquo;hospitalisation d&rsquo;une salle de radiographie num\u00e9rique d&rsquo;une salle d&rsquo;attente et d&rsquo;un espace nutrition Dr. Nathalie CASSART Dipl\u00f4m\u00e9e m\u00e9decin v\u00e9t\u00e9rinaire en juin 1994, elle a exerc\u00e9 pendant 6 ans au sein d&rsquo;un cabinet \u00e0 Comines. Forte de son [&hellip;]<\/p>\n","protected":false},"author":1,"featured_media":0,"parent":0,"menu_order":0,"comment_status":"closed","ping_status":"closed","template":"","meta":{"_et_pb_use_builder":"on","_et_pb_old_content":"","_et_gb_content_width":"","footnotes":""},"class_list":["post-68","page","type-page","status-publish","hentry"],"_links":{"self":[{"href":"https:\/\/veterinairepattesatruffe.be\/index.php?rest_route=\/wp\/v2\/pages\/68","targetHints":{"allow":["GET"]}}],"collection":[{"href":"https:\/\/veterinairepattesatruffe.be\/index.php?rest_route=\/wp\/v2\/pages"}],"about":[{"href":"https:\/\/veterinairepattesatruffe.be\/index.php?rest_route=\/wp\/v2\/types\/page"}],"author":[{"embeddable":true,"href":"https:\/\/veterinairepattesatruffe.be\/index.php?rest_route=\/wp\/v2\/users\/1"}],"replies":[{"embeddable":true,"href":"https:\/\/veterinairepattesatruffe.be\/index.php?rest_route=%2Fwp%2Fv2%2Fcomments&post=68"}],"version-history":[{"count":54,"href":"https:\/\/veterinairepattesatruffe.be\/index.php?rest_route=\/wp\/v2\/pages\/68\/revisions"}],"predecessor-version":[{"id":461,"href":"https:\/\/veterinairepattesatruffe.be\/index.php?rest_route=\/wp\/v2\/pages\/68\/revisions\/461"}],"wp:attachment":[{"href":"https:\/\/veterinairepattesatruffe.be\/index.php?rest_route=%2Fwp%2Fv2%2Fmedia&parent=68"}],"curies":[{"name":"wp","href":"https:\/\/api.w.org\/{rel}","templated":true}]}}